{"id":512,"date":"2018-11-27T09:17:08","date_gmt":"2018-11-27T08:17:08","guid":{"rendered":"https:\/\/www.arcigraphic.com\/index.php\/about\/"},"modified":"2024-02-07T15:05:49","modified_gmt":"2024-02-07T14:05:49","slug":"azienda","status":"publish","type":"page","link":"https:\/\/www.arcigraphic.com\/index.php\/azienda\/","title":{"rendered":"Azienda"},"content":{"rendered":"\t\t<div data-elementor-type=\"wp-post\" data-elementor-id=\"512\" class=\"elementor elementor-512\">\n\t\t\t\t\t\t<div class=\"elementor-inner\">\n\t\t\t\t<div class=\"elementor-section-wrap\">\n\t\t\t\t\t\t\t\t\t<section class=\"elementor-section elementor-top-section elementor-element elementor-element-ac0fb20 elementor-section-boxed elementor-section-height-default elementor-section-height-default\" data-id=\"ac0fb20\" data-element_type=\"section\" data-settings=\"{&quot;background_background&quot;:&quot;classic&quot;,&quot;shape_divider_bottom&quot;:&quot;tilt&quot;,&quot;ekit_has_onepagescroll_dot&quot;:&quot;yes&quot;}\">\n\t\t\t\t\t\t\t<div class=\"elementor-background-overlay\"><\/div>\n\t\t\t\t\t\t<div class=\"elementor-shape elementor-shape-bottom\" data-negative=\"false\">\n\t\t\t<svg xmlns=\"http:\/\/www.w3.org\/2000\/svg\" viewBox=\"0 0 1000 100\" preserveAspectRatio=\"none\">\n\t<path class=\"elementor-shape-fill\" d=\"M0,6V0h1000v100L0,6z\"\/>\n<\/svg>\t\t<\/div>\n\t\t\t\t\t<div class=\"elementor-container elementor-column-gap-default\">\n\t\t\t\t\t\t\t<div class=\"elementor-row\">\n\t\t\t\t\t<div class=\"elementor-column elementor-col-33 elementor-top-column elementor-element elementor-element-3ffe2fe\" data-id=\"3ffe2fe\" data-element_type=\"column\">\n\t\t\t<div class=\"elementor-column-wrap\">\n\t\t\t\t\t\t\t<div class=\"elementor-widget-wrap\">\n\t\t\t\t\t\t\t\t<\/div>\n\t\t\t\t\t<\/div>\n\t\t<\/div>\n\t\t\t\t<div class=\"elementor-column elementor-col-33 elementor-top-column elementor-element elementor-element-22722f6\" data-id=\"22722f6\" data-element_type=\"column\">\n\t\t\t<div class=\"elementor-column-wrap elementor-element-populated\">\n\t\t\t\t\t\t\t<div class=\"elementor-widget-wrap\">\n\t\t\t\t\t\t\t\t<\/div>\n\t\t\t\t\t<\/div>\n\t\t<\/div>\n\t\t\t\t<div class=\"elementor-column elementor-col-33 elementor-top-column elementor-element elementor-element-6d743c4\" data-id=\"6d743c4\" data-element_type=\"column\">\n\t\t\t<div class=\"elementor-column-wrap\">\n\t\t\t\t\t\t\t<div class=\"elementor-widget-wrap\">\n\t\t\t\t\t\t\t\t<\/div>\n\t\t\t\t\t<\/div>\n\t\t<\/div>\n\t\t\t\t\t\t\t\t<\/div>\n\t\t\t\t\t<\/div>\n\t\t<\/section>\n\t\t\t\t<section class=\"elementor-section elementor-top-section elementor-element elementor-element-013c4e0 elementor-section-full_width elementor-section-height-default elementor-section-height-default\" data-id=\"013c4e0\" data-element_type=\"section\" data-settings=\"{&quot;ekit_has_onepagescroll_dot&quot;:&quot;yes&quot;}\">\n\t\t\t\t\t\t<div class=\"elementor-container elementor-column-gap-no\">\n\t\t\t\t\t\t\t<div class=\"elementor-row\">\n\t\t\t\t\t<div class=\"elementor-column elementor-col-100 elementor-top-column elementor-element elementor-element-69fe26a\" data-id=\"69fe26a\" data-element_type=\"column\">\n\t\t\t<div class=\"elementor-column-wrap elementor-element-populated\">\n\t\t\t\t\t\t\t<div class=\"elementor-widget-wrap\">\n\t\t\t\t\t\t<div class=\"elementor-element elementor-element-57dc8da elementor-widget elementor-widget-spacer\" data-id=\"57dc8da\" data-element_type=\"widget\" data-settings=\"{&quot;ekit_we_effect_on&quot;:&quot;none&quot;}\" data-widget_type=\"spacer.default\">\n\t\t\t\t<div class=\"elementor-widget-container\">\n\t\t\t\t\t<div class=\"elementor-spacer\">\n\t\t\t<div class=\"elementor-spacer-inner\"><\/div>\n\t\t<\/div>\n\t\t\t\t<\/div>\n\t\t\t\t<\/div>\n\t\t\t\t\t\t<\/div>\n\t\t\t\t\t<\/div>\n\t\t<\/div>\n\t\t\t\t\t\t\t\t<\/div>\n\t\t\t\t\t<\/div>\n\t\t<\/section>\n\t\t\t\t<section class=\"elementor-section elementor-top-section elementor-element elementor-element-8f30206 elementor-section-boxed elementor-section-height-default elementor-section-height-default\" data-id=\"8f30206\" data-element_type=\"section\" data-settings=\"{&quot;ekit_has_onepagescroll_dot&quot;:&quot;yes&quot;}\">\n\t\t\t\t\t\t<div class=\"elementor-container elementor-column-gap-default\">\n\t\t\t\t\t\t\t<div class=\"elementor-row\">\n\t\t\t\t\t<div class=\"elementor-column elementor-col-100 elementor-top-column elementor-element elementor-element-76aa7db\" data-id=\"76aa7db\" data-element_type=\"column\">\n\t\t\t<div class=\"elementor-column-wrap elementor-element-populated\">\n\t\t\t\t\t\t\t<div class=\"elementor-widget-wrap\">\n\t\t\t\t\t\t<div class=\"elementor-element elementor-element-fc75bfe elementor-widget elementor-widget-text-editor\" data-id=\"fc75bfe\" data-element_type=\"widget\" data-settings=\"{&quot;ekit_we_effect_on&quot;:&quot;none&quot;}\" data-widget_type=\"text-editor.default\">\n\t\t\t\t<div class=\"elementor-widget-container\">\n\t\t\t\t\t\t\t\t<div class=\"elementor-text-editor elementor-clearfix\">\n\t\t\t\t<p style=\"text-align: center;\"><span class=\"s1\">Arcigraphic nasce nel 2013 a Battipaglia (Sa) (Italia), con un obiettivo:<br \/><\/span><span class=\"s1\">diventare leader nella produzione di\u00a0<strong>abbigliamento sportivo personalizzato<\/strong><\/span><span class=\"s1\">.<br \/><\/span><span class=\"s1\">Ci rivolgiamo a singoli, squadre, societ\u00e0, palestre e tutti coloro che desiderano<br \/><\/span><span class=\"s1\">distinguersi e creare capi\u00a0<strong>unici personalizzati<\/strong>.<br \/><\/span><span class=\"s1\">Lavoriamo con\u00a0<strong>Passione<\/strong>\u00a0e con la Cura dei dettagli tipici della sartoria\u00a0<strong>italiana<\/strong>,<br \/><\/span><span class=\"s1\">per la ricerca della massima qualit\u00e0, performance e comodit\u00e0.<br \/><\/span><span class=\"s1\">La nostra offerta \u00e8 costruita sulle vostre esigenze,\u00a0<\/span><span class=\"s1\">per il miglior rapporto qualit\u00e0-prezzo.<br \/><\/span><strong><span class=\"s1\">#arcisport<\/span><\/strong><\/p>\t\t\t\t\t<\/div>\n\t\t\t\t\t\t<\/div>\n\t\t\t\t<\/div>\n\t\t\t\t\t\t<\/div>\n\t\t\t\t\t<\/div>\n\t\t<\/div>\n\t\t\t\t\t\t\t\t<\/div>\n\t\t\t\t\t<\/div>\n\t\t<\/section>\n\t\t\t\t<section class=\"elementor-section elementor-top-section elementor-element elementor-element-d3af607 elementor-section-full_width elementor-section-height-default elementor-section-height-default\" data-id=\"d3af607\" data-element_type=\"section\" data-settings=\"{&quot;ekit_has_onepagescroll_dot&quot;:&quot;yes&quot;}\">\n\t\t\t\t\t\t<div class=\"elementor-container elementor-column-gap-no\">\n\t\t\t\t\t\t\t<div class=\"elementor-row\">\n\t\t\t\t\t<div class=\"elementor-column elementor-col-100 elementor-top-column elementor-element elementor-element-fdaef32\" data-id=\"fdaef32\" data-element_type=\"column\">\n\t\t\t<div class=\"elementor-column-wrap elementor-element-populated\">\n\t\t\t\t\t\t\t<div class=\"elementor-widget-wrap\">\n\t\t\t\t\t\t<div class=\"elementor-element elementor-element-7d67a89 elementor-widget elementor-widget-spacer\" data-id=\"7d67a89\" data-element_type=\"widget\" data-settings=\"{&quot;ekit_we_effect_on&quot;:&quot;none&quot;}\" data-widget_type=\"spacer.default\">\n\t\t\t\t<div class=\"elementor-widget-container\">\n\t\t\t\t\t<div class=\"elementor-spacer\">\n\t\t\t<div class=\"elementor-spacer-inner\"><\/div>\n\t\t<\/div>\n\t\t\t\t<\/div>\n\t\t\t\t<\/div>\n\t\t\t\t\t\t<\/div>\n\t\t\t\t\t<\/div>\n\t\t<\/div>\n\t\t\t\t\t\t\t\t<\/div>\n\t\t\t\t\t<\/div>\n\t\t<\/section>\n\t\t\t\t<section class=\"elementor-section elementor-top-section elementor-element elementor-element-10e6471 elementor-section-boxed elementor-section-height-default elementor-section-height-default\" data-id=\"10e6471\" data-element_type=\"section\" data-settings=\"{&quot;ekit_has_onepagescroll_dot&quot;:&quot;yes&quot;}\">\n\t\t\t\t\t\t<div class=\"elementor-container elementor-column-gap-default\">\n\t\t\t\t\t\t\t<div class=\"elementor-row\">\n\t\t\t\t\t<div class=\"elementor-column elementor-col-50 elementor-top-column elementor-element elementor-element-22b770b\" data-id=\"22b770b\" data-element_type=\"column\">\n\t\t\t<div class=\"elementor-column-wrap elementor-element-populated\">\n\t\t\t\t\t\t\t<div class=\"elementor-widget-wrap\">\n\t\t\t\t\t\t<div class=\"elementor-element elementor-element-50b7a58 elementor-widget elementor-widget-text-editor\" data-id=\"50b7a58\" data-element_type=\"widget\" data-settings=\"{&quot;ekit_we_effect_on&quot;:&quot;none&quot;}\" data-widget_type=\"text-editor.default\">\n\t\t\t\t<div class=\"elementor-widget-container\">\n\t\t\t\t\t\t\t\t<div class=\"elementor-text-editor elementor-clearfix\">\n\t\t\t\t<div class=\"wpb_text_column wpb_content_element  wpb_animate_when_almost_visible wpb_top-to-bottom top-to-bottom wpb_start_animation animated\"><div class=\"wpb_wrapper\"><h2>VISION<\/h2><\/div><\/div><div class=\"edgtf-zig-zag-separator-holder clearfix edgtf-svg-frames-class edgtf-zig-zag-separator-left edgtf-zig-zag-separator-small edgtf-zig-zag-separator-on\" data-svg-drawing=\"yes\" data-svg-frames=\"40\">\u00a0<\/div><div class=\"wpb_text_column wpb_content_element  wpb_animate_when_almost_visible wpb_fadeIn fadeIn wpb_start_animation animated\"><div class=\"wpb_wrapper\"><p class=\"p1\">La nostra visione \u00e8 quella di\u00a0<strong>ispirare<\/strong>\u00a0gli atleti di oggi e di domani attraverso l\u2019esperienza delle infinite possibilit\u00e0 umane e la valorizzazione della\u00a0<strong>libert\u00e0<\/strong>\u00a0di pensiero e\u00a0<strong>creativit\u00e0<\/strong>.<\/p><p class=\"p1\">Daremo a\u00a0<strong>tutti<\/strong>\u00a0la possibilit\u00e0 di personalizzare le proprie attrezzature sportive massimizzando la loro\u00a0<strong>unicit\u00e0 e qualit\u00e0<\/strong>.<\/p><p class=\"p1\">Dal design alla realt\u00e0, \u00e8\u00a0<strong>semplice<\/strong>.<\/p><\/div><\/div>\t\t\t\t\t<\/div>\n\t\t\t\t\t\t<\/div>\n\t\t\t\t<\/div>\n\t\t\t\t\t\t<\/div>\n\t\t\t\t\t<\/div>\n\t\t<\/div>\n\t\t\t\t<div class=\"elementor-column elementor-col-50 elementor-top-column elementor-element elementor-element-0b2d327\" data-id=\"0b2d327\" data-element_type=\"column\">\n\t\t\t<div class=\"elementor-column-wrap elementor-element-populated\">\n\t\t\t\t\t\t\t<div class=\"elementor-widget-wrap\">\n\t\t\t\t\t\t<div class=\"elementor-element elementor-element-f50724e elementor-widget elementor-widget-text-editor\" data-id=\"f50724e\" data-element_type=\"widget\" data-settings=\"{&quot;ekit_we_effect_on&quot;:&quot;none&quot;}\" data-widget_type=\"text-editor.default\">\n\t\t\t\t<div class=\"elementor-widget-container\">\n\t\t\t\t\t\t\t\t<div class=\"elementor-text-editor elementor-clearfix\">\n\t\t\t\t<div class=\"wpb_text_column wpb_content_element  wpb_animate_when_almost_visible wpb_top-to-bottom top-to-bottom wpb_start_animation animated\"><div class=\"wpb_wrapper\"><h2 style=\"text-align: right;\">PRODOTTO<\/h2><\/div><\/div><div class=\"edgtf-zig-zag-separator-holder clearfix edgtf-svg-frames-class edgtf-zig-zag-separator-left edgtf-zig-zag-separator-small edgtf-zig-zag-separator-on\" style=\"text-align: right;\" data-svg-drawing=\"yes\" data-svg-frames=\"40\">\u00a0<\/div><div class=\"wpb_text_column wpb_content_element  wpb_animate_when_almost_visible wpb_fadeIn fadeIn wpb_start_animation animated\"><div class=\"wpb_wrapper\"><p class=\"p1\" style=\"text-align: right;\"><strong>Realizziamo e selezioniamo<\/strong>\u00a0attentamente tutti i nostri prodotti.<\/p><p style=\"text-align: right;\">Il nostro processo produttivo \u00e8 centralizzato in Italia,\u00a0 promuoviamo e diffondiamo il concetto di produzione sul territorio (<strong>Made in Italy<\/strong>).<\/p><p style=\"text-align: right;\">La maggior parte delle fasi sono controllate ed eseguite da\u00a0<strong>esperti<\/strong>\u00a0tecnici\/sarti\/artigiani garantendo cos\u00ec la miglior\u00a0<strong>qualit\u00e0<\/strong>\u00a0del prodotto finale.<\/p><\/div><\/div>\t\t\t\t\t<\/div>\n\t\t\t\t\t\t<\/div>\n\t\t\t\t<\/div>\n\t\t\t\t\t\t<\/div>\n\t\t\t\t\t<\/div>\n\t\t<\/div>\n\t\t\t\t\t\t\t\t<\/div>\n\t\t\t\t\t<\/div>\n\t\t<\/section>\n\t\t\t\t<section class=\"elementor-section elementor-top-section elementor-element elementor-element-0577d34 elementor-section-boxed elementor-section-height-default elementor-section-height-default\" data-id=\"0577d34\" data-element_type=\"section\" data-settings=\"{&quot;ekit_has_onepagescroll_dot&quot;:&quot;yes&quot;}\">\n\t\t\t\t\t\t<div class=\"elementor-container elementor-column-gap-default\">\n\t\t\t\t\t\t\t<div class=\"elementor-row\">\n\t\t\t\t\t<div class=\"elementor-column elementor-col-100 elementor-top-column elementor-element elementor-element-c76efa6\" data-id=\"c76efa6\" data-element_type=\"column\">\n\t\t\t<div class=\"elementor-column-wrap elementor-element-populated\">\n\t\t\t\t\t\t\t<div class=\"elementor-widget-wrap\">\n\t\t\t\t\t\t<div class=\"elementor-element elementor-element-cfe7557 elementor-widget elementor-widget-spacer\" data-id=\"cfe7557\" data-element_type=\"widget\" data-settings=\"{&quot;ekit_we_effect_on&quot;:&quot;none&quot;}\" data-widget_type=\"spacer.default\">\n\t\t\t\t<div class=\"elementor-widget-container\">\n\t\t\t\t\t<div class=\"elementor-spacer\">\n\t\t\t<div class=\"elementor-spacer-inner\"><\/div>\n\t\t<\/div>\n\t\t\t\t<\/div>\n\t\t\t\t<\/div>\n\t\t\t\t\t\t<\/div>\n\t\t\t\t\t<\/div>\n\t\t<\/div>\n\t\t\t\t\t\t\t\t<\/div>\n\t\t\t\t\t<\/div>\n\t\t<\/section>\n\t\t\t\t<section class=\"elementor-section elementor-top-section elementor-element elementor-element-4cb7bce elementor-section-boxed elementor-section-height-default elementor-section-height-default\" data-id=\"4cb7bce\" data-element_type=\"section\" data-settings=\"{&quot;ekit_has_onepagescroll_dot&quot;:&quot;yes&quot;}\">\n\t\t\t\t\t\t<div class=\"elementor-container elementor-column-gap-default\">\n\t\t\t\t\t\t\t<div class=\"elementor-row\">\n\t\t\t\t\t<div class=\"elementor-column elementor-col-33 elementor-top-column elementor-element elementor-element-528f573\" data-id=\"528f573\" data-element_type=\"column\">\n\t\t\t<div class=\"elementor-column-wrap\">\n\t\t\t\t\t\t\t<div class=\"elementor-widget-wrap\">\n\t\t\t\t\t\t\t\t<\/div>\n\t\t\t\t\t<\/div>\n\t\t<\/div>\n\t\t\t\t<div class=\"elementor-column elementor-col-33 elementor-top-column elementor-element elementor-element-f4f8e5e\" data-id=\"f4f8e5e\" data-element_type=\"column\">\n\t\t\t<div class=\"elementor-column-wrap elementor-element-populated\">\n\t\t\t\t\t\t\t<div class=\"elementor-widget-wrap\">\n\t\t\t\t\t\t<div class=\"elementor-element elementor-element-0c6c661 elementor-widget elementor-widget-image\" data-id=\"0c6c661\" data-element_type=\"widget\" data-settings=\"{&quot;ekit_we_effect_on&quot;:&quot;none&quot;}\" data-widget_type=\"image.default\">\n\t\t\t\t<div class=\"elementor-widget-container\">\n\t\t\t\t\t\t\t\t<div class=\"elementor-image\">\n\t\t\t\t\t\t\t\t\t\t\t\t<img width=\"2337\" height=\"1661\" src=\"https:\/\/www.arcigraphic.com\/wp-content\/uploads\/2024\/02\/azienda.png\" class=\"attachment-full size-full\" alt=\"\" loading=\"lazy\" srcset=\"https:\/\/www.arcigraphic.com\/wp-content\/uploads\/2024\/02\/azienda.png 2337w, https:\/\/www.arcigraphic.com\/wp-content\/uploads\/2024\/02\/azienda-300x213.png 300w, https:\/\/www.arcigraphic.com\/wp-content\/uploads\/2024\/02\/azienda-1024x728.png 1024w, https:\/\/www.arcigraphic.com\/wp-content\/uploads\/2024\/02\/azienda-768x546.png 768w, https:\/\/www.arcigraphic.com\/wp-content\/uploads\/2024\/02\/azienda-1536x1092.png 1536w, https:\/\/www.arcigraphic.com\/wp-content\/uploads\/2024\/02\/azienda-2048x1456.png 2048w\" sizes=\"(max-width: 2337px) 100vw, 2337px\" \/>\t\t\t\t\t\t\t\t\t\t\t\t\t\t<\/div>\n\t\t\t\t\t\t<\/div>\n\t\t\t\t<\/div>\n\t\t\t\t\t\t<\/div>\n\t\t\t\t\t<\/div>\n\t\t<\/div>\n\t\t\t\t<div class=\"elementor-column elementor-col-33 elementor-top-column elementor-element elementor-element-8c59e9f\" data-id=\"8c59e9f\" data-element_type=\"column\">\n\t\t\t<div class=\"elementor-column-wrap\">\n\t\t\t\t\t\t\t<div class=\"elementor-widget-wrap\">\n\t\t\t\t\t\t\t\t<\/div>\n\t\t\t\t\t<\/div>\n\t\t<\/div>\n\t\t\t\t\t\t\t\t<\/div>\n\t\t\t\t\t<\/div>\n\t\t<\/section>\n\t\t\t\t\t\t\t\t\t<\/div>\n\t\t\t<\/div>\n\t\t\t\t\t<\/div>\n\t\t","protected":false},"excerpt":{"rendered":"<p>Arcigraphic nasce nel 2013 a Battipaglia (Sa) (Italia), con un obiettivo:diventare leader nella produzione di\u00a0abbigliamento sportivo personalizzato.Ci rivolgiamo a singoli, squadre, societ\u00e0, palestre e tutti coloro che desideranodistinguersi e creare capi\u00a0unici personalizzati.Lavoriamo con\u00a0Passione\u00a0e con la Cura dei dettagli tipici della sartoria\u00a0italiana,per la ricerca della massima qualit\u00e0, performance e comodit\u00e0.La nostra offerta \u00e8 costruita sulle vostre &hellip;<\/p>\n<p class=\"read-more\"> <a class=\"\" href=\"https:\/\/www.arcigraphic.com\/index.php\/azienda\/\"> <span class=\"screen-reader-text\">Azienda<\/span> Leggi altro &raquo;<\/a><\/p>\n","protected":false},"author":1,"featured_media":0,"parent":0,"menu_order":0,"comment_status":"closed","ping_status":"closed","template":"","meta":{"site-sidebar-layout":"no-sidebar","site-content-layout":"page-builder","ast-global-header-display":"","ast-main-header-display":"","ast-hfb-above-header-display":"","ast-hfb-below-header-display":"","ast-hfb-mobile-header-display":"","site-post-title":"disabled","ast-breadcrumbs-content":"","ast-featured-img":"disabled","footer-sml-layout":"","theme-transparent-header-meta":"enabled","adv-header-id-meta":"","stick-header-meta":"","header-above-stick-meta":"","header-main-stick-meta":"","header-below-stick-meta":""},"_links":{"self":[{"href":"https:\/\/www.arcigraphic.com\/index.php\/wp-json\/wp\/v2\/pages\/512"}],"collection":[{"href":"https:\/\/www.arcigraphic.com\/index.php\/wp-json\/wp\/v2\/pages"}],"about":[{"href":"https:\/\/www.arcigraphic.com\/index.php\/wp-json\/wp\/v2\/types\/page"}],"author":[{"embeddable":true,"href":"https:\/\/www.arcigraphic.com\/index.php\/wp-json\/wp\/v2\/users\/1"}],"replies":[{"embeddable":true,"href":"https:\/\/www.arcigraphic.com\/index.php\/wp-json\/wp\/v2\/comments?post=512"}],"version-history":[{"count":22,"href":"https:\/\/www.arcigraphic.com\/index.php\/wp-json\/wp\/v2\/pages\/512\/revisions"}],"predecessor-version":[{"id":1199,"href":"https:\/\/www.arcigraphic.com\/index.php\/wp-json\/wp\/v2\/pages\/512\/revisions\/1199"}],"wp:attachment":[{"href":"https:\/\/www.arcigraphic.com\/index.php\/wp-json\/wp\/v2\/media?parent=512"}],"curies":[{"name":"wp","href":"https:\/\/api.w.org\/{rel}","templated":true}]}}